{"id":103,"date":"2025-10-01T19:05:30","date_gmt":"2025-10-01T19:05:30","guid":{"rendered":"https:\/\/tuunanluovatoimisto.com\/?page_id=103"},"modified":"2025-10-06T18:01:58","modified_gmt":"2025-10-06T18:01:58","slug":"taide","status":"publish","type":"page","link":"https:\/\/tuunanluovatoimisto.com\/?page_id=103","title":{"rendered":"Taide ja muotokuvat"},"content":{"rendered":"\n<div class=\"wp-block-cover alignfull\" style=\"margin-top:0px;margin-bottom:0px;padding-top:var(--wp--preset--spacing--50);padding-right:var(--wp--preset--spacing--50);padding-bottom:var(--wp--preset--spacing--50);padding-left:var(--wp--preset--spacing--50);min-height:251px;aspect-ratio:unset;\"><span aria-hidden=\"true\" class=\"wp-block-cover__background has-theme-palette-4-background-color has-background-dim-100 has-background-dim\"><\/span><div class=\"wp-block-cover__inner-container is-layout-constrained wp-container-core-cover-is-layout-a5733e3d wp-block-cover-is-layout-constrained\">\n<h2 class=\"wp-block-heading has-text-align-center has-large-font-size\">Taide ja muotokuvat<\/h2>\n\n\n\n<h6 class=\"wp-block-heading has-text-align-center\">Teen taidetta maalaamalla ja piirt\u00e4m\u00e4ll\u00e4 sek\u00e4 muotokuvapiirroksia valokuvien pohjalta.<br>Otan vastaan tilaust\u00f6it\u00e4 sek\u00e4 myyn joitakin valmiita t\u00f6it\u00e4ni.<\/h6>\n<\/div><\/div>\n\n\n\n<div class=\"wp-block-columns are-vertically-aligned-top has-theme-palette-9-background-color has-background is-layout-flex wp-container-core-columns-is-layout-ccd40fa8 wp-block-columns-is-layout-flex\" style=\"border-radius:15px;margin-top:32px;margin-bottom:32px;padding-top:var(--wp--preset--spacing--40);padding-right:var(--wp--preset--spacing--40);padding-bottom:var(--wp--preset--spacing--40);padding-left:var(--wp--preset--spacing--40)\">\n<div class=\"wp-block-column is-vertically-aligned-top is-layout-flow wp-block-column-is-layout-flow\">\n<figure class=\"wp-block-image size-large\"><img loading=\"lazy\" decoding=\"async\" width=\"1024\" height=\"509\" src=\"https:\/\/tuunanluovatoimisto.com\/wp-content\/uploads\/2025\/10\/Screenshot-2025-10-04-143438-4-1024x509.png\" alt=\"\" class=\"wp-image-248\" srcset=\"https:\/\/tuunanluovatoimisto.com\/wp-content\/uploads\/2025\/10\/Screenshot-2025-10-04-143438-4-1024x509.png 1024w, https:\/\/tuunanluovatoimisto.com\/wp-content\/uploads\/2025\/10\/Screenshot-2025-10-04-143438-4-300x149.png 300w, https:\/\/tuunanluovatoimisto.com\/wp-content\/uploads\/2025\/10\/Screenshot-2025-10-04-143438-4-768x382.png 768w, https:\/\/tuunanluovatoimisto.com\/wp-content\/uploads\/2025\/10\/Screenshot-2025-10-04-143438-4.png 1500w\" sizes=\"auto, (max-width: 1024px) 100vw, 1024px\" \/><\/figure>\n\n\n\n<figure class=\"wp-block-image size-full\"><img loading=\"lazy\" decoding=\"async\" width=\"793\" height=\"960\" src=\"https:\/\/tuunanluovatoimisto.com\/wp-content\/uploads\/2025\/10\/muotokuvaIII-2.jpg\" alt=\"\" class=\"wp-image-257\" srcset=\"https:\/\/tuunanluovatoimisto.com\/wp-content\/uploads\/2025\/10\/muotokuvaIII-2.jpg 793w, https:\/\/tuunanluovatoimisto.com\/wp-content\/uploads\/2025\/10\/muotokuvaIII-2-248x300.jpg 248w, https:\/\/tuunanluovatoimisto.com\/wp-content\/uploads\/2025\/10\/muotokuvaIII-2-768x930.jpg 768w\" sizes=\"auto, (max-width: 793px) 100vw, 793px\" \/><\/figure>\n\n\n\n<figure class=\"wp-block-image size-large\"><img loading=\"lazy\" decoding=\"async\" width=\"795\" height=\"1024\" src=\"https:\/\/tuunanluovatoimisto.com\/wp-content\/uploads\/2025\/10\/hevonen-1-795x1024.webp\" alt=\"\" class=\"wp-image-262\" srcset=\"https:\/\/tuunanluovatoimisto.com\/wp-content\/uploads\/2025\/10\/hevonen-1-795x1024.webp 795w, https:\/\/tuunanluovatoimisto.com\/wp-content\/uploads\/2025\/10\/hevonen-1-233x300.webp 233w, https:\/\/tuunanluovatoimisto.com\/wp-content\/uploads\/2025\/10\/hevonen-1-768x989.webp 768w, https:\/\/tuunanluovatoimisto.com\/wp-content\/uploads\/2025\/10\/hevonen-1-1193x1536.webp 1193w, https:\/\/tuunanluovatoimisto.com\/wp-content\/uploads\/2025\/10\/hevonen-1.webp 1491w\" sizes=\"auto, (max-width: 795px) 100vw, 795px\" \/><\/figure>\n\n\n\n<figure class=\"wp-block-image size-large\"><img loading=\"lazy\" decoding=\"async\" width=\"1024\" height=\"791\" src=\"https:\/\/tuunanluovatoimisto.com\/wp-content\/uploads\/2025\/10\/135231724_3744759468916151_5655832536351344933_n-1024x791.webp\" alt=\"\" class=\"wp-image-268\" srcset=\"https:\/\/tuunanluovatoimisto.com\/wp-content\/uploads\/2025\/10\/135231724_3744759468916151_5655832536351344933_n-1024x791.webp 1024w, https:\/\/tuunanluovatoimisto.com\/wp-content\/uploads\/2025\/10\/135231724_3744759468916151_5655832536351344933_n-300x232.webp 300w, https:\/\/tuunanluovatoimisto.com\/wp-content\/uploads\/2025\/10\/135231724_3744759468916151_5655832536351344933_n-768x593.webp 768w, https:\/\/tuunanluovatoimisto.com\/wp-content\/uploads\/2025\/10\/135231724_3744759468916151_5655832536351344933_n.webp 1440w\" sizes=\"auto, (max-width: 1024px) 100vw, 1024px\" \/><\/figure>\n\n\n\n<figure class=\"wp-block-image size-large\"><img loading=\"lazy\" decoding=\"async\" width=\"1024\" height=\"768\" src=\"https:\/\/tuunanluovatoimisto.com\/wp-content\/uploads\/2025\/10\/IMG_20210328_164917-2-4-1024x768.webp\" alt=\"\" class=\"wp-image-255\" srcset=\"https:\/\/tuunanluovatoimisto.com\/wp-content\/uploads\/2025\/10\/IMG_20210328_164917-2-4-1024x768.webp 1024w, https:\/\/tuunanluovatoimisto.com\/wp-content\/uploads\/2025\/10\/IMG_20210328_164917-2-4-300x225.webp 300w, https:\/\/tuunanluovatoimisto.com\/wp-content\/uploads\/2025\/10\/IMG_20210328_164917-2-4-768x576.webp 768w, https:\/\/tuunanluovatoimisto.com\/wp-content\/uploads\/2025\/10\/IMG_20210328_164917-2-4-1536x1152.webp 1536w, https:\/\/tuunanluovatoimisto.com\/wp-content\/uploads\/2025\/10\/IMG_20210328_164917-2-4.webp 1920w\" sizes=\"auto, (max-width: 1024px) 100vw, 1024px\" \/><\/figure>\n\n\n\n<figure class=\"wp-block-image size-full\"><img loading=\"lazy\" decoding=\"async\" width=\"760\" height=\"960\" src=\"https:\/\/tuunanluovatoimisto.com\/wp-content\/uploads\/2025\/10\/maalaus11-9.webp\" alt=\"\" class=\"wp-image-261\" srcset=\"https:\/\/tuunanluovatoimisto.com\/wp-content\/uploads\/2025\/10\/maalaus11-9.webp 760w, https:\/\/tuunanluovatoimisto.com\/wp-content\/uploads\/2025\/10\/maalaus11-9-238x300.webp 238w\" sizes=\"auto, (max-width: 760px) 100vw, 760px\" \/><\/figure>\n\n\n\n<figure class=\"wp-block-gallery has-nested-images columns-default is-cropped wp-block-gallery-1 is-layout-flex wp-block-gallery-is-layout-flex\">\n<figure class=\"wp-block-image size-large\"><img loading=\"lazy\" decoding=\"async\" width=\"914\" height=\"960\" data-id=\"254\" src=\"https:\/\/tuunanluovatoimisto.com\/wp-content\/uploads\/2025\/10\/frostybreath-2.jpg\" alt=\"\" class=\"wp-image-254\" srcset=\"https:\/\/tuunanluovatoimisto.com\/wp-content\/uploads\/2025\/10\/frostybreath-2.jpg 914w, https:\/\/tuunanluovatoimisto.com\/wp-content\/uploads\/2025\/10\/frostybreath-2-286x300.jpg 286w, https:\/\/tuunanluovatoimisto.com\/wp-content\/uploads\/2025\/10\/frostybreath-2-768x807.jpg 768w\" sizes=\"auto, (max-width: 914px) 100vw, 914px\" \/><\/figure>\n<\/figure>\n<\/div>\n\n\n\n<div class=\"wp-block-column is-vertically-aligned-top is-layout-flow wp-block-column-is-layout-flow\">\n<figure class=\"wp-block-image size-full\"><img loading=\"lazy\" decoding=\"async\" width=\"992\" height=\"816\" src=\"https:\/\/tuunanluovatoimisto.com\/wp-content\/uploads\/2025\/10\/Screenshot-2025-10-04-143549-4.png\" alt=\"\" class=\"wp-image-249\" srcset=\"https:\/\/tuunanluovatoimisto.com\/wp-content\/uploads\/2025\/10\/Screenshot-2025-10-04-143549-4.png 992w, https:\/\/tuunanluovatoimisto.com\/wp-content\/uploads\/2025\/10\/Screenshot-2025-10-04-143549-4-300x247.png 300w, https:\/\/tuunanluovatoimisto.com\/wp-content\/uploads\/2025\/10\/Screenshot-2025-10-04-143549-4-768x632.png 768w\" sizes=\"auto, (max-width: 992px) 100vw, 992px\" \/><\/figure>\n\n\n\n<figure class=\"wp-block-image size-large\"><img loading=\"lazy\" decoding=\"async\" width=\"1024\" height=\"732\" src=\"https:\/\/tuunanluovatoimisto.com\/wp-content\/uploads\/2025\/10\/132401984_3717458921646206_8792688185579375324_n-1024x732.webp\" alt=\"\" class=\"wp-image-265\" srcset=\"https:\/\/tuunanluovatoimisto.com\/wp-content\/uploads\/2025\/10\/132401984_3717458921646206_8792688185579375324_n-1024x732.webp 1024w, https:\/\/tuunanluovatoimisto.com\/wp-content\/uploads\/2025\/10\/132401984_3717458921646206_8792688185579375324_n-300x215.webp 300w, https:\/\/tuunanluovatoimisto.com\/wp-content\/uploads\/2025\/10\/132401984_3717458921646206_8792688185579375324_n-768x549.webp 768w, https:\/\/tuunanluovatoimisto.com\/wp-content\/uploads\/2025\/10\/132401984_3717458921646206_8792688185579375324_n.webp 1440w\" sizes=\"auto, (max-width: 1024px) 100vw, 1024px\" \/><\/figure>\n\n\n\n<figure class=\"wp-block-image size-full\"><img loading=\"lazy\" decoding=\"async\" width=\"768\" height=\"960\" src=\"https:\/\/tuunanluovatoimisto.com\/wp-content\/uploads\/2025\/10\/muotokuva1.webp\" alt=\"\" class=\"wp-image-266\" srcset=\"https:\/\/tuunanluovatoimisto.com\/wp-content\/uploads\/2025\/10\/muotokuva1.webp 768w, https:\/\/tuunanluovatoimisto.com\/wp-content\/uploads\/2025\/10\/muotokuva1-240x300.webp 240w\" sizes=\"auto, (max-width: 768px) 100vw, 768px\" \/><\/figure>\n\n\n\n<figure class=\"wp-block-image size-large\"><img loading=\"lazy\" decoding=\"async\" width=\"736\" height=\"1024\" src=\"https:\/\/tuunanluovatoimisto.com\/wp-content\/uploads\/2025\/10\/IMG_20210603_102730-736x1024.webp\" alt=\"\" class=\"wp-image-269\" srcset=\"https:\/\/tuunanluovatoimisto.com\/wp-content\/uploads\/2025\/10\/IMG_20210603_102730-736x1024.webp 736w, https:\/\/tuunanluovatoimisto.com\/wp-content\/uploads\/2025\/10\/IMG_20210603_102730-216x300.webp 216w, https:\/\/tuunanluovatoimisto.com\/wp-content\/uploads\/2025\/10\/IMG_20210603_102730-768x1069.webp 768w, https:\/\/tuunanluovatoimisto.com\/wp-content\/uploads\/2025\/10\/IMG_20210603_102730-1104x1536.webp 1104w, https:\/\/tuunanluovatoimisto.com\/wp-content\/uploads\/2025\/10\/IMG_20210603_102730.webp 1380w\" sizes=\"auto, (max-width: 736px) 100vw, 736px\" \/><\/figure>\n\n\n\n<figure class=\"wp-block-image size-full\"><img loading=\"lazy\" decoding=\"async\" width=\"768\" height=\"960\" src=\"https:\/\/tuunanluovatoimisto.com\/wp-content\/uploads\/2025\/10\/maalaus1.webp\" alt=\"\" class=\"wp-image-263\" srcset=\"https:\/\/tuunanluovatoimisto.com\/wp-content\/uploads\/2025\/10\/maalaus1.webp 768w, https:\/\/tuunanluovatoimisto.com\/wp-content\/uploads\/2025\/10\/maalaus1-240x300.webp 240w\" sizes=\"auto, (max-width: 768px) 100vw, 768px\" \/><\/figure>\n\n\n<div class=\"wp-block-image\">\n<figure class=\"aligncenter size-full is-resized\"><img loading=\"lazy\" decoding=\"async\" width=\"1039\" height=\"780\" src=\"https:\/\/tuunanluovatoimisto.com\/wp-content\/uploads\/2025\/10\/tio-1.jpg\" alt=\"\" class=\"wp-image-250\" style=\"width:297px;height:auto\" srcset=\"https:\/\/tuunanluovatoimisto.com\/wp-content\/uploads\/2025\/10\/tio-1.jpg 1039w, https:\/\/tuunanluovatoimisto.com\/wp-content\/uploads\/2025\/10\/tio-1-300x225.jpg 300w, https:\/\/tuunanluovatoimisto.com\/wp-content\/uploads\/2025\/10\/tio-1-1024x769.jpg 1024w, https:\/\/tuunanluovatoimisto.com\/wp-content\/uploads\/2025\/10\/tio-1-768x577.jpg 768w\" sizes=\"auto, (max-width: 1039px) 100vw, 1039px\" \/><\/figure>\n<\/div><\/div>\n\n\n\n<div class=\"wp-block-column is-vertically-aligned-top is-layout-flow wp-block-column-is-layout-flow\">\n<figure class=\"wp-block-image size-full\"><img loading=\"lazy\" decoding=\"async\" width=\"1070\" height=\"830\" src=\"https:\/\/tuunanluovatoimisto.com\/wp-content\/uploads\/2025\/10\/Screenshot-2025-10-04-143638-6.png\" alt=\"\" class=\"wp-image-251\" srcset=\"https:\/\/tuunanluovatoimisto.com\/wp-content\/uploads\/2025\/10\/Screenshot-2025-10-04-143638-6.png 1070w, https:\/\/tuunanluovatoimisto.com\/wp-content\/uploads\/2025\/10\/Screenshot-2025-10-04-143638-6-300x233.png 300w, https:\/\/tuunanluovatoimisto.com\/wp-content\/uploads\/2025\/10\/Screenshot-2025-10-04-143638-6-1024x794.png 1024w, https:\/\/tuunanluovatoimisto.com\/wp-content\/uploads\/2025\/10\/Screenshot-2025-10-04-143638-6-768x596.png 768w\" sizes=\"auto, (max-width: 1070px) 100vw, 1070px\" \/><\/figure>\n\n\n\n<figure class=\"wp-block-image size-large\"><img loading=\"lazy\" decoding=\"async\" width=\"1024\" height=\"768\" src=\"https:\/\/tuunanluovatoimisto.com\/wp-content\/uploads\/2025\/10\/IMG_20210222_154800-1024x768.webp\" alt=\"\" class=\"wp-image-264\" srcset=\"https:\/\/tuunanluovatoimisto.com\/wp-content\/uploads\/2025\/10\/IMG_20210222_154800-1024x768.webp 1024w, https:\/\/tuunanluovatoimisto.com\/wp-content\/uploads\/2025\/10\/IMG_20210222_154800-300x225.webp 300w, https:\/\/tuunanluovatoimisto.com\/wp-content\/uploads\/2025\/10\/IMG_20210222_154800-768x576.webp 768w, https:\/\/tuunanluovatoimisto.com\/wp-content\/uploads\/2025\/10\/IMG_20210222_154800-1536x1152.webp 1536w, https:\/\/tuunanluovatoimisto.com\/wp-content\/uploads\/2025\/10\/IMG_20210222_154800.webp 1920w\" sizes=\"auto, (max-width: 1024px) 100vw, 1024px\" \/><\/figure>\n\n\n\n<figure class=\"wp-block-image size-full\"><img loading=\"lazy\" decoding=\"async\" width=\"846\" height=\"960\" src=\"https:\/\/tuunanluovatoimisto.com\/wp-content\/uploads\/2025\/10\/Babyportrait.webp\" alt=\"\" class=\"wp-image-267\" srcset=\"https:\/\/tuunanluovatoimisto.com\/wp-content\/uploads\/2025\/10\/Babyportrait.webp 846w, https:\/\/tuunanluovatoimisto.com\/wp-content\/uploads\/2025\/10\/Babyportrait-264x300.webp 264w, https:\/\/tuunanluovatoimisto.com\/wp-content\/uploads\/2025\/10\/Babyportrait-768x871.webp 768w\" sizes=\"auto, (max-width: 846px) 100vw, 846px\" \/><\/figure>\n\n\n\n<figure class=\"wp-block-image size-large\"><img loading=\"lazy\" decoding=\"async\" width=\"1024\" height=\"768\" src=\"https:\/\/tuunanluovatoimisto.com\/wp-content\/uploads\/2025\/10\/maalaus6-3-1024x768.webp\" alt=\"\" class=\"wp-image-252\" srcset=\"https:\/\/tuunanluovatoimisto.com\/wp-content\/uploads\/2025\/10\/maalaus6-3-1024x768.webp 1024w, https:\/\/tuunanluovatoimisto.com\/wp-content\/uploads\/2025\/10\/maalaus6-3-300x225.webp 300w, https:\/\/tuunanluovatoimisto.com\/wp-content\/uploads\/2025\/10\/maalaus6-3-768x576.webp 768w, https:\/\/tuunanluovatoimisto.com\/wp-content\/uploads\/2025\/10\/maalaus6-3.webp 1080w\" sizes=\"auto, (max-width: 1024px) 100vw, 1024px\" \/><\/figure>\n\n\n\n<figure class=\"wp-block-image size-large\"><img loading=\"lazy\" decoding=\"async\" width=\"819\" height=\"1024\" src=\"https:\/\/tuunanluovatoimisto.com\/wp-content\/uploads\/2025\/10\/vauva-819x1024.webp\" alt=\"\" class=\"wp-image-270\" srcset=\"https:\/\/tuunanluovatoimisto.com\/wp-content\/uploads\/2025\/10\/vauva-819x1024.webp 819w, https:\/\/tuunanluovatoimisto.com\/wp-content\/uploads\/2025\/10\/vauva-240x300.webp 240w, https:\/\/tuunanluovatoimisto.com\/wp-content\/uploads\/2025\/10\/vauva-768x960.webp 768w, https:\/\/tuunanluovatoimisto.com\/wp-content\/uploads\/2025\/10\/vauva.webp 1080w\" sizes=\"auto, (max-width: 819px) 100vw, 819px\" \/><\/figure>\n\n\n\n<figure class=\"wp-block-image size-large\"><img loading=\"lazy\" decoding=\"async\" width=\"1024\" height=\"1024\" src=\"https:\/\/tuunanluovatoimisto.com\/wp-content\/uploads\/2025\/10\/mokki-1024x1024.webp\" alt=\"\" class=\"wp-image-260\" srcset=\"https:\/\/tuunanluovatoimisto.com\/wp-content\/uploads\/2025\/10\/mokki-1024x1024.webp 1024w, https:\/\/tuunanluovatoimisto.com\/wp-content\/uploads\/2025\/10\/mokki-300x300.webp 300w, https:\/\/tuunanluovatoimisto.com\/wp-content\/uploads\/2025\/10\/mokki-150x150.webp 150w, https:\/\/tuunanluovatoimisto.com\/wp-content\/uploads\/2025\/10\/mokki-768x768.webp 768w, https:\/\/tuunanluovatoimisto.com\/wp-content\/uploads\/2025\/10\/mokki.webp 1080w\" sizes=\"auto, (max-width: 1024px) 100vw, 1024px\" \/><\/figure>\n\n\n\n<figure class=\"wp-block-image size-full\"><img loading=\"lazy\" decoding=\"async\" width=\"747\" height=\"746\" src=\"https:\/\/tuunanluovatoimisto.com\/wp-content\/uploads\/2025\/10\/keskikesanaanet-4.jpg\" alt=\"\" class=\"wp-image-256\" srcset=\"https:\/\/tuunanluovatoimisto.com\/wp-content\/uploads\/2025\/10\/keskikesanaanet-4.jpg 747w, https:\/\/tuunanluovatoimisto.com\/wp-content\/uploads\/2025\/10\/keskikesanaanet-4-300x300.jpg 300w, https:\/\/tuunanluovatoimisto.com\/wp-content\/uploads\/2025\/10\/keskikesanaanet-4-150x150.jpg 150w\" sizes=\"auto, (max-width: 747px) 100vw, 747px\" \/><\/figure>\n<\/div>\n<\/div>\n","protected":false},"excerpt":{"rendered":"","protected":false},"author":1,"featured_media":0,"parent":0,"menu_order":0,"comment_status":"closed","ping_status":"closed","template":"","meta":{"_kad_post_transparent":"","_kad_post_title":"","_kad_post_layout":"","_kad_post_sidebar_id":"","_kad_post_content_style":"","_kad_post_vertical_padding":"","_kad_post_feature":"","_kad_post_feature_position":"","_kad_post_header":false,"_kad_post_footer":false,"footnotes":""},"class_list":["post-103","page","type-page","status-publish","hentry"],"_links":{"self":[{"href":"https:\/\/tuunanluovatoimisto.com\/index.php?rest_route=\/wp\/v2\/pages\/103","targetHints":{"allow":["GET"]}}],"collection":[{"href":"https:\/\/tuunanluovatoimisto.com\/index.php?rest_route=\/wp\/v2\/pages"}],"about":[{"href":"https:\/\/tuunanluovatoimisto.com\/index.php?rest_route=\/wp\/v2\/types\/page"}],"author":[{"embeddable":true,"href":"https:\/\/tuunanluovatoimisto.com\/index.php?rest_route=\/wp\/v2\/users\/1"}],"replies":[{"embeddable":true,"href":"https:\/\/tuunanluovatoimisto.com\/index.php?rest_route=%2Fwp%2Fv2%2Fcomments&post=103"}],"version-history":[{"count":23,"href":"https:\/\/tuunanluovatoimisto.com\/index.php?rest_route=\/wp\/v2\/pages\/103\/revisions"}],"predecessor-version":[{"id":704,"href":"https:\/\/tuunanluovatoimisto.com\/index.php?rest_route=\/wp\/v2\/pages\/103\/revisions\/704"}],"wp:attachment":[{"href":"https:\/\/tuunanluovatoimisto.com\/index.php?rest_route=%2Fwp%2Fv2%2Fmedia&parent=103"}],"curies":[{"name":"wp","href":"https:\/\/api.w.org\/{rel}","templated":true}]}}