{"id":107,"date":"2025-10-01T19:06:17","date_gmt":"2025-10-01T19:06:17","guid":{"rendered":"https:\/\/tuunanluovatoimisto.com\/?page_id=107"},"modified":"2025-10-06T18:01:45","modified_gmt":"2025-10-06T18:01:45","slug":"kuvittaminen","status":"publish","type":"page","link":"https:\/\/tuunanluovatoimisto.com\/?page_id=107","title":{"rendered":"Kuvittaminen"},"content":{"rendered":"\n<div class=\"wp-block-cover alignfull\" style=\"margin-top:0px;margin-bottom:0px;padding-top:var(--wp--preset--spacing--50);padding-right:var(--wp--preset--spacing--50);padding-bottom:var(--wp--preset--spacing--50);padding-left:var(--wp--preset--spacing--50);min-height:251px;aspect-ratio:unset;\"><span aria-hidden=\"true\" class=\"wp-block-cover__background has-theme-palette-4-background-color has-background-dim-100 has-background-dim\"><\/span><div class=\"wp-block-cover__inner-container is-layout-constrained wp-container-core-cover-is-layout-a5733e3d wp-block-cover-is-layout-constrained\">\n<h2 class=\"wp-block-heading has-text-align-center has-large-font-size\">Kuvittaminen<\/h2>\n\n\n\n<h6 class=\"wp-block-heading has-text-align-center\">Kuvitan taitavasti monilla eri v\u00e4lineill\u00e4: akryylimaalit, tussit, lyijykyn\u00e4, pastelliliidut, maalit yms. <br>Teen eritt\u00e4in mielell\u00e4ni my\u00f6s vektorikuvitusta, joka toimii skaalautuvuuden ansiosta monissa tarkoituksissa.<\/h6>\n<\/div><\/div>\n\n\n\n<div class=\"wp-block-columns has-theme-palette-9-background-color has-background is-layout-flex wp-container-core-columns-is-layout-ccd40fa8 wp-block-columns-is-layout-flex\" style=\"border-radius:15px;margin-top:32px;margin-bottom:32px;padding-top:var(--wp--preset--spacing--40);padding-right:var(--wp--preset--spacing--40);padding-bottom:var(--wp--preset--spacing--40);padding-left:var(--wp--preset--spacing--40)\">\n<div class=\"wp-block-column is-vertically-aligned-top is-layout-flow wp-block-column-is-layout-flow\">\n<figure class=\"wp-block-image size-full\"><img loading=\"lazy\" decoding=\"async\" width=\"578\" height=\"797\" src=\"https:\/\/tuunanluovatoimisto.com\/wp-content\/uploads\/2025\/10\/Screenshot-2025-10-04-152651.png\" alt=\"\" class=\"wp-image-273\" srcset=\"https:\/\/tuunanluovatoimisto.com\/wp-content\/uploads\/2025\/10\/Screenshot-2025-10-04-152651.png 578w, https:\/\/tuunanluovatoimisto.com\/wp-content\/uploads\/2025\/10\/Screenshot-2025-10-04-152651-218x300.png 218w\" sizes=\"auto, (max-width: 578px) 100vw, 578px\" \/><\/figure>\n\n\n\n<figure class=\"wp-block-image size-full\"><img loading=\"lazy\" decoding=\"async\" width=\"960\" height=\"694\" src=\"https:\/\/tuunanluovatoimisto.com\/wp-content\/uploads\/2025\/10\/kuvitus3-1.webp\" alt=\"\" class=\"wp-image-284\" srcset=\"https:\/\/tuunanluovatoimisto.com\/wp-content\/uploads\/2025\/10\/kuvitus3-1.webp 960w, https:\/\/tuunanluovatoimisto.com\/wp-content\/uploads\/2025\/10\/kuvitus3-1-300x217.webp 300w, https:\/\/tuunanluovatoimisto.com\/wp-content\/uploads\/2025\/10\/kuvitus3-1-768x555.webp 768w\" sizes=\"auto, (max-width: 960px) 100vw, 960px\" \/><\/figure>\n\n\n\n<figure class=\"wp-block-image size-full\"><img loading=\"lazy\" decoding=\"async\" width=\"990\" height=\"348\" src=\"https:\/\/tuunanluovatoimisto.com\/wp-content\/uploads\/2025\/10\/Screenshot-2025-10-04-152556.png\" alt=\"\" class=\"wp-image-281\" srcset=\"https:\/\/tuunanluovatoimisto.com\/wp-content\/uploads\/2025\/10\/Screenshot-2025-10-04-152556.png 990w, https:\/\/tuunanluovatoimisto.com\/wp-content\/uploads\/2025\/10\/Screenshot-2025-10-04-152556-300x105.png 300w, https:\/\/tuunanluovatoimisto.com\/wp-content\/uploads\/2025\/10\/Screenshot-2025-10-04-152556-768x270.png 768w\" sizes=\"auto, (max-width: 990px) 100vw, 990px\" \/><\/figure>\n\n\n\n<figure class=\"wp-block-image size-large\"><img loading=\"lazy\" decoding=\"async\" width=\"1024\" height=\"621\" src=\"https:\/\/tuunanluovatoimisto.com\/wp-content\/uploads\/2025\/10\/kuvitus5-2-1024x621.webp\" alt=\"\" class=\"wp-image-283\" srcset=\"https:\/\/tuunanluovatoimisto.com\/wp-content\/uploads\/2025\/10\/kuvitus5-2-1024x621.webp 1024w, https:\/\/tuunanluovatoimisto.com\/wp-content\/uploads\/2025\/10\/kuvitus5-2-300x182.webp 300w, https:\/\/tuunanluovatoimisto.com\/wp-content\/uploads\/2025\/10\/kuvitus5-2-768x466.webp 768w, https:\/\/tuunanluovatoimisto.com\/wp-content\/uploads\/2025\/10\/kuvitus5-2.webp 1100w\" sizes=\"auto, (max-width: 1024px) 100vw, 1024px\" \/><\/figure>\n\n\n\n<figure class=\"wp-block-image size-large\"><img loading=\"lazy\" decoding=\"async\" width=\"830\" height=\"1024\" src=\"https:\/\/tuunanluovatoimisto.com\/wp-content\/uploads\/2025\/10\/118163128_3362128517179250_7631029216532329537_n-1-830x1024.webp\" alt=\"\" class=\"wp-image-279\" srcset=\"https:\/\/tuunanluovatoimisto.com\/wp-content\/uploads\/2025\/10\/118163128_3362128517179250_7631029216532329537_n-1-830x1024.webp 830w, https:\/\/tuunanluovatoimisto.com\/wp-content\/uploads\/2025\/10\/118163128_3362128517179250_7631029216532329537_n-1-243x300.webp 243w, https:\/\/tuunanluovatoimisto.com\/wp-content\/uploads\/2025\/10\/118163128_3362128517179250_7631029216532329537_n-1-768x948.webp 768w, https:\/\/tuunanluovatoimisto.com\/wp-content\/uploads\/2025\/10\/118163128_3362128517179250_7631029216532329537_n-1-1245x1536.webp 1245w, https:\/\/tuunanluovatoimisto.com\/wp-content\/uploads\/2025\/10\/118163128_3362128517179250_7631029216532329537_n-1.webp 1556w\" sizes=\"auto, (max-width: 830px) 100vw, 830px\" \/><\/figure>\n<\/div>\n\n\n\n<div class=\"wp-block-column is-layout-flow wp-block-column-is-layout-flow\">\n<figure class=\"wp-block-image size-full\"><img loading=\"lazy\" decoding=\"async\" width=\"814\" height=\"813\" src=\"https:\/\/tuunanluovatoimisto.com\/wp-content\/uploads\/2025\/10\/Screenshot-2025-10-04-152623.png\" alt=\"\" class=\"wp-image-272\" srcset=\"https:\/\/tuunanluovatoimisto.com\/wp-content\/uploads\/2025\/10\/Screenshot-2025-10-04-152623.png 814w, https:\/\/tuunanluovatoimisto.com\/wp-content\/uploads\/2025\/10\/Screenshot-2025-10-04-152623-300x300.png 300w, https:\/\/tuunanluovatoimisto.com\/wp-content\/uploads\/2025\/10\/Screenshot-2025-10-04-152623-150x150.png 150w, https:\/\/tuunanluovatoimisto.com\/wp-content\/uploads\/2025\/10\/Screenshot-2025-10-04-152623-768x767.png 768w\" sizes=\"auto, (max-width: 814px) 100vw, 814px\" \/><\/figure>\n\n\n\n<figure class=\"wp-block-image size-large\"><img loading=\"lazy\" decoding=\"async\" width=\"1024\" height=\"1016\" src=\"https:\/\/tuunanluovatoimisto.com\/wp-content\/uploads\/2025\/10\/paijat_hameen_hva_joulugif-4-3-1024x1016.gif\" alt=\"\" class=\"wp-image-277\" srcset=\"https:\/\/tuunanluovatoimisto.com\/wp-content\/uploads\/2025\/10\/paijat_hameen_hva_joulugif-4-3-1024x1016.gif 1024w, https:\/\/tuunanluovatoimisto.com\/wp-content\/uploads\/2025\/10\/paijat_hameen_hva_joulugif-4-3-300x298.gif 300w, https:\/\/tuunanluovatoimisto.com\/wp-content\/uploads\/2025\/10\/paijat_hameen_hva_joulugif-4-3-150x150.gif 150w, https:\/\/tuunanluovatoimisto.com\/wp-content\/uploads\/2025\/10\/paijat_hameen_hva_joulugif-4-3-768x762.gif 768w\" sizes=\"auto, (max-width: 1024px) 100vw, 1024px\" \/><\/figure>\n\n\n\n<figure class=\"wp-block-image size-large\"><img loading=\"lazy\" decoding=\"async\" width=\"1024\" height=\"534\" src=\"https:\/\/tuunanluovatoimisto.com\/wp-content\/uploads\/2025\/10\/vektori1-1-1024x534.webp\" alt=\"\" class=\"wp-image-280\" srcset=\"https:\/\/tuunanluovatoimisto.com\/wp-content\/uploads\/2025\/10\/vektori1-1-1024x534.webp 1024w, https:\/\/tuunanluovatoimisto.com\/wp-content\/uploads\/2025\/10\/vektori1-1-300x157.webp 300w, https:\/\/tuunanluovatoimisto.com\/wp-content\/uploads\/2025\/10\/vektori1-1-768x401.webp 768w, https:\/\/tuunanluovatoimisto.com\/wp-content\/uploads\/2025\/10\/vektori1-1.webp 1100w\" sizes=\"auto, (max-width: 1024px) 100vw, 1024px\" \/><\/figure>\n\n\n<div class=\"wp-block-image\">\n<figure class=\"aligncenter size-full is-resized\"><img loading=\"lazy\" decoding=\"async\" width=\"395\" height=\"599\" src=\"https:\/\/tuunanluovatoimisto.com\/wp-content\/uploads\/2025\/10\/Screenshot-2025-10-04-144040-3.png\" alt=\"\" class=\"wp-image-274\" style=\"width:224px;height:auto\" srcset=\"https:\/\/tuunanluovatoimisto.com\/wp-content\/uploads\/2025\/10\/Screenshot-2025-10-04-144040-3.png 395w, https:\/\/tuunanluovatoimisto.com\/wp-content\/uploads\/2025\/10\/Screenshot-2025-10-04-144040-3-198x300.png 198w\" sizes=\"auto, (max-width: 395px) 100vw, 395px\" \/><\/figure>\n<\/div>\n\n\n<figure class=\"wp-block-image size-large\"><img loading=\"lazy\" decoding=\"async\" width=\"1024\" height=\"768\" src=\"https:\/\/tuunanluovatoimisto.com\/wp-content\/uploads\/2025\/10\/kuvitus7-1024x768.webp\" alt=\"\" class=\"wp-image-287\" srcset=\"https:\/\/tuunanluovatoimisto.com\/wp-content\/uploads\/2025\/10\/kuvitus7-1024x768.webp 1024w, https:\/\/tuunanluovatoimisto.com\/wp-content\/uploads\/2025\/10\/kuvitus7-300x225.webp 300w, https:\/\/tuunanluovatoimisto.com\/wp-content\/uploads\/2025\/10\/kuvitus7-768x576.webp 768w, https:\/\/tuunanluovatoimisto.com\/wp-content\/uploads\/2025\/10\/kuvitus7.webp 1080w\" sizes=\"auto, (max-width: 1024px) 100vw, 1024px\" \/><\/figure>\n<\/div>\n\n\n\n<div class=\"wp-block-column is-layout-flow wp-block-column-is-layout-flow\" style=\"padding-bottom:var(--wp--preset--spacing--80)\">\n<figure class=\"wp-block-image size-full is-resized\"><img loading=\"lazy\" decoding=\"async\" width=\"394\" height=\"592\" src=\"https:\/\/tuunanluovatoimisto.com\/wp-content\/uploads\/2025\/10\/Screenshot-2025-10-04-144142-3.png\" alt=\"\" class=\"wp-image-275\" style=\"width:252px;height:auto\" srcset=\"https:\/\/tuunanluovatoimisto.com\/wp-content\/uploads\/2025\/10\/Screenshot-2025-10-04-144142-3.png 394w, https:\/\/tuunanluovatoimisto.com\/wp-content\/uploads\/2025\/10\/Screenshot-2025-10-04-144142-3-200x300.png 200w\" sizes=\"auto, (max-width: 394px) 100vw, 394px\" \/><\/figure>\n\n\n\n<figure class=\"wp-block-image size-large\"><img loading=\"lazy\" decoding=\"async\" width=\"1024\" height=\"730\" src=\"https:\/\/tuunanluovatoimisto.com\/wp-content\/uploads\/2025\/10\/kuvitus1-1024x730.webp\" alt=\"\" class=\"wp-image-285\" srcset=\"https:\/\/tuunanluovatoimisto.com\/wp-content\/uploads\/2025\/10\/kuvitus1-1024x730.webp 1024w, https:\/\/tuunanluovatoimisto.com\/wp-content\/uploads\/2025\/10\/kuvitus1-300x214.webp 300w, https:\/\/tuunanluovatoimisto.com\/wp-content\/uploads\/2025\/10\/kuvitus1-768x547.webp 768w, https:\/\/tuunanluovatoimisto.com\/wp-content\/uploads\/2025\/10\/kuvitus1.webp 1100w\" sizes=\"auto, (max-width: 1024px) 100vw, 1024px\" \/><\/figure>\n\n\n\n<figure class=\"wp-block-image size-large\"><img loading=\"lazy\" decoding=\"async\" width=\"1024\" height=\"1024\" src=\"https:\/\/tuunanluovatoimisto.com\/wp-content\/uploads\/2025\/10\/kiire-3-4-1024x1024.webp\" alt=\"\" class=\"wp-image-278\" srcset=\"https:\/\/tuunanluovatoimisto.com\/wp-content\/uploads\/2025\/10\/kiire-3-4-1024x1024.webp 1024w, https:\/\/tuunanluovatoimisto.com\/wp-content\/uploads\/2025\/10\/kiire-3-4-300x300.webp 300w, https:\/\/tuunanluovatoimisto.com\/wp-content\/uploads\/2025\/10\/kiire-3-4-150x150.webp 150w, https:\/\/tuunanluovatoimisto.com\/wp-content\/uploads\/2025\/10\/kiire-3-4-768x768.webp 768w, https:\/\/tuunanluovatoimisto.com\/wp-content\/uploads\/2025\/10\/kiire-3-4-1536x1536.webp 1536w, https:\/\/tuunanluovatoimisto.com\/wp-content\/uploads\/2025\/10\/kiire-3-4.webp 1920w\" sizes=\"auto, (max-width: 1024px) 100vw, 1024px\" \/><\/figure>\n\n\n<div class=\"wp-block-image\">\n<figure class=\"aligncenter size-full\"><img loading=\"lazy\" decoding=\"async\" width=\"708\" height=\"944\" src=\"https:\/\/tuunanluovatoimisto.com\/wp-content\/uploads\/2025\/10\/kuvitus10-9-1.webp\" alt=\"\" class=\"wp-image-288\" srcset=\"https:\/\/tuunanluovatoimisto.com\/wp-content\/uploads\/2025\/10\/kuvitus10-9-1.webp 708w, https:\/\/tuunanluovatoimisto.com\/wp-content\/uploads\/2025\/10\/kuvitus10-9-1-225x300.webp 225w\" sizes=\"auto, (max-width: 708px) 100vw, 708px\" \/><\/figure>\n<\/div><\/div>\n<\/div>\n","protected":false},"excerpt":{"rendered":"","protected":false},"author":1,"featured_media":0,"parent":0,"menu_order":0,"comment_status":"closed","ping_status":"closed","template":"","meta":{"_kad_post_transparent":"","_kad_post_title":"","_kad_post_layout":"","_kad_post_sidebar_id":"","_kad_post_content_style":"","_kad_post_vertical_padding":"","_kad_post_feature":"","_kad_post_feature_position":"","_kad_post_header":false,"_kad_post_footer":false,"footnotes":""},"class_list":["post-107","page","type-page","status-publish","hentry"],"_links":{"self":[{"href":"https:\/\/tuunanluovatoimisto.com\/index.php?rest_route=\/wp\/v2\/pages\/107","targetHints":{"allow":["GET"]}}],"collection":[{"href":"https:\/\/tuunanluovatoimisto.com\/index.php?rest_route=\/wp\/v2\/pages"}],"about":[{"href":"https:\/\/tuunanluovatoimisto.com\/index.php?rest_route=\/wp\/v2\/types\/page"}],"author":[{"embeddable":true,"href":"https:\/\/tuunanluovatoimisto.com\/index.php?rest_route=\/wp\/v2\/users\/1"}],"replies":[{"embeddable":true,"href":"https:\/\/tuunanluovatoimisto.com\/index.php?rest_route=%2Fwp%2Fv2%2Fcomments&post=107"}],"version-history":[{"count":27,"href":"https:\/\/tuunanluovatoimisto.com\/index.php?rest_route=\/wp\/v2\/pages\/107\/revisions"}],"predecessor-version":[{"id":703,"href":"https:\/\/tuunanluovatoimisto.com\/index.php?rest_route=\/wp\/v2\/pages\/107\/revisions\/703"}],"wp:attachment":[{"href":"https:\/\/tuunanluovatoimisto.com\/index.php?rest_route=%2Fwp%2Fv2%2Fmedia&parent=107"}],"curies":[{"name":"wp","href":"https:\/\/api.w.org\/{rel}","templated":true}]}}