{"id":2,"date":"2025-10-01T16:08:29","date_gmt":"2025-10-01T16:08:29","guid":{"rendered":"https:\/\/tuunanluovatoimisto.com\/?page_id=2"},"modified":"2025-10-07T06:26:01","modified_gmt":"2025-10-07T06:26:01","slug":"sample-page","status":"publish","type":"page","link":"https:\/\/tuunanluovatoimisto.com\/","title":{"rendered":"Etusivu"},"content":{"rendered":"\n<div class=\"wp-block-cover alignfull\" style=\"margin-top:0px;margin-bottom:32px;padding-top:0;padding-right:var(--wp--preset--spacing--50);padding-bottom:0;padding-left:var(--wp--preset--spacing--50);min-height:251px;aspect-ratio:unset;\"><span aria-hidden=\"true\" class=\"wp-block-cover__background has-theme-palette-4-background-color has-background-dim-100 has-background-dim\"><\/span><div class=\"wp-block-cover__inner-container is-layout-constrained wp-container-core-cover-is-layout-283aa08a wp-block-cover-is-layout-constrained\">\n<h2 class=\"wp-block-heading has-text-align-center has-larger-font-size\">Tervetuloa Tuunan luovan toimiston kotisivuille!<\/h2>\n\n\n\n<h6 class=\"wp-block-heading has-text-align-center\">Toimistollani teen taidetta, muotokuvia sek\u00e4 muuta visuaalista suunnittelua.<br>T\u00e4lt\u00e4 sivultolta l\u00f6yd\u00e4t esimerkkej\u00e4 t\u00f6ist\u00e4ni, tietoa minusta sek\u00e4 yhteystietoni.<\/h6>\n<\/div><\/div>\n\n\n\n<div class=\"wp-block-columns is-layout-flex wp-container-core-columns-is-layout-adfb9f59 wp-block-columns-is-layout-flex\" style=\"margin-top:0px;margin-bottom:0px\">\n<div class=\"wp-block-column is-layout-flow wp-block-column-is-layout-flow\">\n<div class=\"wp-block-cover has-theme-palette-9-color has-text-color has-link-color wp-elements-bbfad4051245d6ce9419a9f7915d2a44\" style=\"border-radius:71px;margin-bottom:0;padding-top:var(--wp--preset--spacing--50);padding-right:var(--wp--preset--spacing--50);padding-bottom:var(--wp--preset--spacing--50);padding-left:var(--wp--preset--spacing--50);min-height:338px;aspect-ratio:unset;\"><span aria-hidden=\"true\" class=\"wp-block-cover__background has-theme-palette-3-background-color has-background-dim-100 has-background-dim\"><\/span><div class=\"wp-block-cover__inner-container is-layout-constrained wp-container-core-cover-is-layout-a49da34a wp-block-cover-is-layout-constrained\">\n<h2 class=\"wp-block-heading has-text-align-center\"><a href=\"https:\/\/tuunanluovatoimisto.com\/?page_id=105\" data-type=\"page\" data-id=\"105\">Graafinen<br>suunnittelu<\/a><\/h2>\n\n\n\n<ul class=\"wp-block-list\">\n<li>Logot ja yritysilmeet<\/li>\n\n\n\n<li>Esitteet, k\u00e4yntikortit, bannerit<\/li>\n\n\n\n<li>Ilmoitusvalmistus<\/li>\n\n\n\n<li>WordPress-nettisivut<\/li>\n\n\n\n<li>ym. yritysilmeen mukainen visuaalinen suunnittelu<\/li>\n<\/ul>\n<\/div><\/div>\n<\/div>\n\n\n\n<div class=\"wp-block-column is-vertically-aligned-top is-layout-flow wp-block-column-is-layout-flow\">\n<div class=\"wp-block-cover has-theme-palette-9-color has-text-color has-link-color wp-elements-ecb28ca3a42b2b1a44d50daccc4e5013\" style=\"border-radius:71px;margin-bottom:0;padding-top:var(--wp--preset--spacing--50);padding-right:var(--wp--preset--spacing--60);padding-bottom:var(--wp--preset--spacing--50);padding-left:var(--wp--preset--spacing--60);min-height:298px;aspect-ratio:unset;\"><span aria-hidden=\"true\" class=\"wp-block-cover__background has-theme-palette-3-background-color has-background-dim-100 has-background-dim\"><\/span><div class=\"wp-block-cover__inner-container is-layout-constrained wp-container-core-cover-is-layout-cb8badf1 wp-block-cover-is-layout-constrained\">\n<h2 class=\"wp-block-heading has-text-align-center\"><a href=\"https:\/\/tuunanluovatoimisto.com\/?page_id=103\" data-type=\"page\" data-id=\"103\">Taide ja <br>muotokuvat<\/a><\/h2>\n\n\n\n<ul class=\"wp-block-list\">\n<li>Oma maalaustaide<\/li>\n\n\n\n<li>Maalaukset tilausty\u00f6n\u00e4<\/li>\n\n\n\n<li>Muotokuvapiirustukset tilausty\u00f6n\u00e4<br><\/li>\n<\/ul>\n<\/div><\/div>\n<\/div>\n\n\n\n<div class=\"wp-block-column is-vertically-aligned-top is-layout-flow wp-block-column-is-layout-flow\" style=\"padding-bottom:var(--wp--preset--spacing--80)\">\n<div class=\"wp-block-cover has-theme-palette-9-color has-text-color has-link-color wp-elements-1afdcc59dd08ad5d3466caffece3f568\" style=\"border-radius:71px;margin-bottom:0;padding-top:var(--wp--preset--spacing--50);padding-right:var(--wp--preset--spacing--50);padding-bottom:var(--wp--preset--spacing--50);padding-left:var(--wp--preset--spacing--50);min-height:284px;aspect-ratio:unset;\"><span aria-hidden=\"true\" class=\"wp-block-cover__background has-theme-palette-3-background-color has-background-dim-100 has-background-dim\"><\/span><div class=\"wp-block-cover__inner-container is-layout-constrained wp-container-core-cover-is-layout-a49da34a wp-block-cover-is-layout-constrained\"><div class=\"wp-block-image\">\n<figure class=\"alignright size-thumbnail is-resized\" style=\"margin-top:0px;margin-right:-10px;margin-bottom:0px;margin-left:-10px\"><img loading=\"lazy\" decoding=\"async\" width=\"150\" height=\"150\" src=\"https:\/\/tuunanluovatoimisto.com\/wp-content\/uploads\/2025\/10\/piirtaminen_ikoni-1-150x150.png\" alt=\"\" class=\"wp-image-598\" style=\"width:54px;height:auto\" srcset=\"https:\/\/tuunanluovatoimisto.com\/wp-content\/uploads\/2025\/10\/piirtaminen_ikoni-1-150x150.png 150w, https:\/\/tuunanluovatoimisto.com\/wp-content\/uploads\/2025\/10\/piirtaminen_ikoni-1-300x300.png 300w, https:\/\/tuunanluovatoimisto.com\/wp-content\/uploads\/2025\/10\/piirtaminen_ikoni-1.png 549w\" sizes=\"auto, (max-width: 150px) 100vw, 150px\" \/><\/figure>\n<\/div>\n\n\n<h2 class=\"wp-block-heading has-text-align-center\"><a href=\"https:\/\/tuunanluovatoimisto.com\/?page_id=107\" data-type=\"page\" data-id=\"107\">Kuvittaminen<\/a><\/h2>\n\n\n\n<ul class=\"wp-block-list\">\n<li>Perinteinen kuvittaminen <br>useilla eri tekniikoilla<\/li>\n\n\n\n<li>Vektorikuvitus<\/li>\n\n\n\n<li>Ikonit<\/li>\n<\/ul>\n<\/div><\/div>\n<\/div>\n<\/div>\n\n\n\n<h2 class=\"wp-block-heading has-text-align-center has-theme-palette-9-color has-text-color has-link-color has-larger-font-size wp-elements-4d510139db887b7718f7950e3bc84ffc\" style=\"margin-top:0rem;margin-bottom:0\">Nostoja portfoliosta<\/h2>\n\n\n\n<div class=\"wp-block-columns are-vertically-aligned-top has-theme-palette-9-background-color has-background is-layout-flex wp-container-core-columns-is-layout-2f2962cf wp-block-columns-is-layout-flex\" style=\"border-radius:15px;margin-top:32px;margin-bottom:32px;padding-top:var(--wp--preset--spacing--40);padding-right:var(--wp--preset--spacing--40);padding-bottom:var(--wp--preset--spacing--40);padding-left:var(--wp--preset--spacing--40)\">\n<div class=\"wp-block-column is-vertically-aligned-top is-layout-flow wp-block-column-is-layout-flow\">\n<figure class=\"wp-block-image size-large\"><img loading=\"lazy\" decoding=\"async\" width=\"1024\" height=\"534\" src=\"https:\/\/tuunanluovatoimisto.com\/wp-content\/uploads\/2025\/10\/vektori1-1024x534.webp\" alt=\"\" class=\"wp-image-85\" srcset=\"https:\/\/tuunanluovatoimisto.com\/wp-content\/uploads\/2025\/10\/vektori1-1024x534.webp 1024w, https:\/\/tuunanluovatoimisto.com\/wp-content\/uploads\/2025\/10\/vektori1-300x157.webp 300w, https:\/\/tuunanluovatoimisto.com\/wp-content\/uploads\/2025\/10\/vektori1-768x401.webp 768w, https:\/\/tuunanluovatoimisto.com\/wp-content\/uploads\/2025\/10\/vektori1.webp 1100w\" sizes=\"auto, (max-width: 1024px) 100vw, 1024px\" \/><\/figure>\n\n\n<div class=\"wp-block-image\">\n<figure class=\"aligncenter size-large is-resized\"><img loading=\"lazy\" decoding=\"async\" width=\"722\" height=\"1024\" src=\"https:\/\/tuunanluovatoimisto.com\/wp-content\/uploads\/2025\/10\/Digimentori_esite2-8-1-722x1024.jpg\" alt=\"\" class=\"wp-image-193\" style=\"width:262px;height:auto\" srcset=\"https:\/\/tuunanluovatoimisto.com\/wp-content\/uploads\/2025\/10\/Digimentori_esite2-8-1-722x1024.jpg 722w, https:\/\/tuunanluovatoimisto.com\/wp-content\/uploads\/2025\/10\/Digimentori_esite2-8-1-212x300.jpg 212w, https:\/\/tuunanluovatoimisto.com\/wp-content\/uploads\/2025\/10\/Digimentori_esite2-8-1-768x1089.jpg 768w, https:\/\/tuunanluovatoimisto.com\/wp-content\/uploads\/2025\/10\/Digimentori_esite2-8-1.jpg 868w\" sizes=\"auto, (max-width: 722px) 100vw, 722px\" \/><\/figure>\n<\/div>\n\n\n<figure class=\"wp-block-gallery has-nested-images columns-default is-cropped wp-block-gallery-1 is-layout-flex wp-block-gallery-is-layout-flex\">\n<figure class=\"wp-block-image size-large\"><img loading=\"lazy\" decoding=\"async\" width=\"686\" height=\"1024\" data-id=\"189\" src=\"https:\/\/tuunanluovatoimisto.com\/wp-content\/uploads\/2025\/10\/naurava_kayntikortti_etu-1-686x1024.jpg\" alt=\"\" class=\"wp-image-189\" srcset=\"https:\/\/tuunanluovatoimisto.com\/wp-content\/uploads\/2025\/10\/naurava_kayntikortti_etu-1-686x1024.jpg 686w, https:\/\/tuunanluovatoimisto.com\/wp-content\/uploads\/2025\/10\/naurava_kayntikortti_etu-1-201x300.jpg 201w, https:\/\/tuunanluovatoimisto.com\/wp-content\/uploads\/2025\/10\/naurava_kayntikortti_etu-1.jpg 720w\" sizes=\"auto, (max-width: 686px) 100vw, 686px\" \/><\/figure>\n\n\n\n<figure class=\"wp-block-image size-large\"><img loading=\"lazy\" decoding=\"async\" width=\"686\" height=\"1024\" data-id=\"188\" src=\"https:\/\/tuunanluovatoimisto.com\/wp-content\/uploads\/2025\/10\/naurava_kayntikortti_taka-1-686x1024.jpg\" alt=\"\" class=\"wp-image-188\" srcset=\"https:\/\/tuunanluovatoimisto.com\/wp-content\/uploads\/2025\/10\/naurava_kayntikortti_taka-1-686x1024.jpg 686w, https:\/\/tuunanluovatoimisto.com\/wp-content\/uploads\/2025\/10\/naurava_kayntikortti_taka-1-201x300.jpg 201w, https:\/\/tuunanluovatoimisto.com\/wp-content\/uploads\/2025\/10\/naurava_kayntikortti_taka-1.jpg 720w\" sizes=\"auto, (max-width: 686px) 100vw, 686px\" \/><\/figure>\n<\/figure>\n\n\n<div class=\"wp-block-image\">\n<figure class=\"aligncenter size-large is-resized\"><img loading=\"lazy\" decoding=\"async\" width=\"928\" height=\"1024\" src=\"https:\/\/tuunanluovatoimisto.com\/wp-content\/uploads\/2025\/10\/naurava_logo_valkoinentausta-2-928x1024.png\" alt=\"\" class=\"wp-image-191\" style=\"width:201px;height:auto\" srcset=\"https:\/\/tuunanluovatoimisto.com\/wp-content\/uploads\/2025\/10\/naurava_logo_valkoinentausta-2-928x1024.png 928w, https:\/\/tuunanluovatoimisto.com\/wp-content\/uploads\/2025\/10\/naurava_logo_valkoinentausta-2-272x300.png 272w, https:\/\/tuunanluovatoimisto.com\/wp-content\/uploads\/2025\/10\/naurava_logo_valkoinentausta-2-768x847.png 768w, https:\/\/tuunanluovatoimisto.com\/wp-content\/uploads\/2025\/10\/naurava_logo_valkoinentausta-2.png 1166w\" sizes=\"auto, (max-width: 928px) 100vw, 928px\" \/><\/figure>\n<\/div>\n\n\n<figure class=\"wp-block-image size-full\"><img loading=\"lazy\" decoding=\"async\" width=\"793\" height=\"960\" src=\"https:\/\/tuunanluovatoimisto.com\/wp-content\/uploads\/2025\/10\/muotokuvaIII-4.webp\" alt=\"\" class=\"wp-image-92\" srcset=\"https:\/\/tuunanluovatoimisto.com\/wp-content\/uploads\/2025\/10\/muotokuvaIII-4.webp 793w, https:\/\/tuunanluovatoimisto.com\/wp-content\/uploads\/2025\/10\/muotokuvaIII-4-248x300.webp 248w, https:\/\/tuunanluovatoimisto.com\/wp-content\/uploads\/2025\/10\/muotokuvaIII-4-768x930.webp 768w\" sizes=\"auto, (max-width: 793px) 100vw, 793px\" \/><\/figure>\n<\/div>\n\n\n\n<div class=\"wp-block-column is-vertically-aligned-top is-layout-flow wp-block-column-is-layout-flow\">\n<figure class=\"wp-block-image size-large\"><img loading=\"lazy\" decoding=\"async\" width=\"1024\" height=\"724\" src=\"https:\/\/tuunanluovatoimisto.com\/wp-content\/uploads\/2025\/10\/yritysilme1-0-1-1024x724.webp\" alt=\"\" class=\"wp-image-93\" srcset=\"https:\/\/tuunanluovatoimisto.com\/wp-content\/uploads\/2025\/10\/yritysilme1-0-1-1024x724.webp 1024w, https:\/\/tuunanluovatoimisto.com\/wp-content\/uploads\/2025\/10\/yritysilme1-0-1-300x212.webp 300w, https:\/\/tuunanluovatoimisto.com\/wp-content\/uploads\/2025\/10\/yritysilme1-0-1-768x543.webp 768w, https:\/\/tuunanluovatoimisto.com\/wp-content\/uploads\/2025\/10\/yritysilme1-0-1.webp 1100w\" sizes=\"auto, (max-width: 1024px) 100vw, 1024px\" \/><\/figure>\n\n\n<div class=\"wp-block-image\">\n<figure class=\"aligncenter size-full is-resized\"><img loading=\"lazy\" decoding=\"async\" width=\"448\" height=\"531\" src=\"https:\/\/tuunanluovatoimisto.com\/wp-content\/uploads\/2025\/10\/raskor-logo-1.jpg\" alt=\"\" class=\"wp-image-177\" style=\"width:134px;height:auto\" srcset=\"https:\/\/tuunanluovatoimisto.com\/wp-content\/uploads\/2025\/10\/raskor-logo-1.jpg 448w, https:\/\/tuunanluovatoimisto.com\/wp-content\/uploads\/2025\/10\/raskor-logo-1-253x300.jpg 253w\" sizes=\"auto, (max-width: 448px) 100vw, 448px\" \/><\/figure>\n<\/div>\n\n\n<figure class=\"wp-block-image size-large\"><img loading=\"lazy\" decoding=\"async\" width=\"1024\" height=\"1016\" src=\"https:\/\/tuunanluovatoimisto.com\/wp-content\/uploads\/2025\/10\/paijat_hameen_hva_joulugif-4-1-1024x1016.gif\" alt=\"\" class=\"wp-image-178\" srcset=\"https:\/\/tuunanluovatoimisto.com\/wp-content\/uploads\/2025\/10\/paijat_hameen_hva_joulugif-4-1-1024x1016.gif 1024w, https:\/\/tuunanluovatoimisto.com\/wp-content\/uploads\/2025\/10\/paijat_hameen_hva_joulugif-4-1-300x298.gif 300w, https:\/\/tuunanluovatoimisto.com\/wp-content\/uploads\/2025\/10\/paijat_hameen_hva_joulugif-4-1-150x150.gif 150w, https:\/\/tuunanluovatoimisto.com\/wp-content\/uploads\/2025\/10\/paijat_hameen_hva_joulugif-4-1-768x762.gif 768w\" sizes=\"auto, (max-width: 1024px) 100vw, 1024px\" \/><\/figure>\n\n\n<div class=\"wp-block-image\">\n<figure class=\"aligncenter size-large is-resized\"><img loading=\"lazy\" decoding=\"async\" width=\"810\" height=\"1024\" src=\"https:\/\/tuunanluovatoimisto.com\/wp-content\/uploads\/2025\/10\/digimentori_osaajaprofiili-0-1-810x1024.webp\" alt=\"\" class=\"wp-image-195\" style=\"width:263px;height:auto\" srcset=\"https:\/\/tuunanluovatoimisto.com\/wp-content\/uploads\/2025\/10\/digimentori_osaajaprofiili-0-1-810x1024.webp 810w, https:\/\/tuunanluovatoimisto.com\/wp-content\/uploads\/2025\/10\/digimentori_osaajaprofiili-0-1-237x300.webp 237w, https:\/\/tuunanluovatoimisto.com\/wp-content\/uploads\/2025\/10\/digimentori_osaajaprofiili-0-1-768x971.webp 768w, https:\/\/tuunanluovatoimisto.com\/wp-content\/uploads\/2025\/10\/digimentori_osaajaprofiili-0-1.webp 838w\" sizes=\"auto, (max-width: 810px) 100vw, 810px\" \/><\/figure>\n<\/div>\n\n\n<figure class=\"wp-block-image size-full\"><img loading=\"lazy\" decoding=\"async\" width=\"992\" height=\"816\" src=\"https:\/\/tuunanluovatoimisto.com\/wp-content\/uploads\/2025\/10\/Screenshot-2025-10-04-143549-1.png\" alt=\"\" class=\"wp-image-183\" srcset=\"https:\/\/tuunanluovatoimisto.com\/wp-content\/uploads\/2025\/10\/Screenshot-2025-10-04-143549-1.png 992w, https:\/\/tuunanluovatoimisto.com\/wp-content\/uploads\/2025\/10\/Screenshot-2025-10-04-143549-1-300x247.png 300w, https:\/\/tuunanluovatoimisto.com\/wp-content\/uploads\/2025\/10\/Screenshot-2025-10-04-143549-1-768x632.png 768w\" sizes=\"auto, (max-width: 992px) 100vw, 992px\" \/><\/figure>\n\n\n\n<figure class=\"wp-block-image size-large\"><img loading=\"lazy\" decoding=\"async\" width=\"1024\" height=\"509\" src=\"https:\/\/tuunanluovatoimisto.com\/wp-content\/uploads\/2025\/10\/Screenshot-2025-10-04-143438-1-1024x509.png\" alt=\"\" class=\"wp-image-182\" srcset=\"https:\/\/tuunanluovatoimisto.com\/wp-content\/uploads\/2025\/10\/Screenshot-2025-10-04-143438-1-1024x509.png 1024w, https:\/\/tuunanluovatoimisto.com\/wp-content\/uploads\/2025\/10\/Screenshot-2025-10-04-143438-1-300x149.png 300w, https:\/\/tuunanluovatoimisto.com\/wp-content\/uploads\/2025\/10\/Screenshot-2025-10-04-143438-1-768x382.png 768w, https:\/\/tuunanluovatoimisto.com\/wp-content\/uploads\/2025\/10\/Screenshot-2025-10-04-143438-1.png 1500w\" sizes=\"auto, (max-width: 1024px) 100vw, 1024px\" \/><\/figure>\n<\/div>\n\n\n\n<div class=\"wp-block-column is-vertically-aligned-top is-layout-flow wp-block-column-is-layout-flow\" style=\"padding-bottom:var(--wp--preset--spacing--80)\">\n<figure class=\"wp-block-image size-full\"><img loading=\"lazy\" decoding=\"async\" width=\"383\" height=\"748\" src=\"https:\/\/tuunanluovatoimisto.com\/wp-content\/uploads\/2025\/10\/Screenshot-2025-10-04-142743-1.png\" alt=\"\" class=\"wp-image-185\" srcset=\"https:\/\/tuunanluovatoimisto.com\/wp-content\/uploads\/2025\/10\/Screenshot-2025-10-04-142743-1.png 383w, https:\/\/tuunanluovatoimisto.com\/wp-content\/uploads\/2025\/10\/Screenshot-2025-10-04-142743-1-154x300.png 154w\" sizes=\"auto, (max-width: 383px) 100vw, 383px\" \/><\/figure>\n\n\n\n<figure class=\"wp-block-image size-large\"><img loading=\"lazy\" decoding=\"async\" width=\"1024\" height=\"379\" src=\"https:\/\/tuunanluovatoimisto.com\/wp-content\/uploads\/2025\/10\/Arkipolku_logo_vaaka-6-1-1024x379.webp\" alt=\"\" class=\"wp-image-186\" srcset=\"https:\/\/tuunanluovatoimisto.com\/wp-content\/uploads\/2025\/10\/Arkipolku_logo_vaaka-6-1-1024x379.webp 1024w, https:\/\/tuunanluovatoimisto.com\/wp-content\/uploads\/2025\/10\/Arkipolku_logo_vaaka-6-1-300x111.webp 300w, https:\/\/tuunanluovatoimisto.com\/wp-content\/uploads\/2025\/10\/Arkipolku_logo_vaaka-6-1-768x284.webp 768w, https:\/\/tuunanluovatoimisto.com\/wp-content\/uploads\/2025\/10\/Arkipolku_logo_vaaka-6-1.webp 1504w\" sizes=\"auto, (max-width: 1024px) 100vw, 1024px\" \/><\/figure>\n\n\n\n<figure class=\"wp-block-image size-large\"><img loading=\"lazy\" decoding=\"async\" width=\"1024\" height=\"794\" src=\"https:\/\/tuunanluovatoimisto.com\/wp-content\/uploads\/2025\/10\/Screenshot-2025-10-04-143638-1-1024x794.png\" alt=\"\" class=\"wp-image-184\" srcset=\"https:\/\/tuunanluovatoimisto.com\/wp-content\/uploads\/2025\/10\/Screenshot-2025-10-04-143638-1-1024x794.png 1024w, https:\/\/tuunanluovatoimisto.com\/wp-content\/uploads\/2025\/10\/Screenshot-2025-10-04-143638-1-300x233.png 300w, https:\/\/tuunanluovatoimisto.com\/wp-content\/uploads\/2025\/10\/Screenshot-2025-10-04-143638-1-768x596.png 768w, https:\/\/tuunanluovatoimisto.com\/wp-content\/uploads\/2025\/10\/Screenshot-2025-10-04-143638-1.png 1070w\" sizes=\"auto, (max-width: 1024px) 100vw, 1024px\" \/><\/figure>\n\n\n<div class=\"wp-block-image\">\n<figure class=\"aligncenter size-large is-resized\"><img loading=\"lazy\" decoding=\"async\" width=\"1024\" height=\"1024\" src=\"https:\/\/tuunanluovatoimisto.com\/wp-content\/uploads\/2025\/10\/kiire-3-3-1024x1024.webp\" alt=\"\" class=\"wp-image-196\" style=\"width:267px;height:auto\" srcset=\"https:\/\/tuunanluovatoimisto.com\/wp-content\/uploads\/2025\/10\/kiire-3-3-1024x1024.webp 1024w, https:\/\/tuunanluovatoimisto.com\/wp-content\/uploads\/2025\/10\/kiire-3-3-300x300.webp 300w, https:\/\/tuunanluovatoimisto.com\/wp-content\/uploads\/2025\/10\/kiire-3-3-150x150.webp 150w, https:\/\/tuunanluovatoimisto.com\/wp-content\/uploads\/2025\/10\/kiire-3-3-768x768.webp 768w, https:\/\/tuunanluovatoimisto.com\/wp-content\/uploads\/2025\/10\/kiire-3-3-1536x1536.webp 1536w, https:\/\/tuunanluovatoimisto.com\/wp-content\/uploads\/2025\/10\/kiire-3-3.webp 1920w\" sizes=\"auto, (max-width: 1024px) 100vw, 1024px\" \/><\/figure>\n<\/div>\n\n<div class=\"wp-block-image\">\n<figure class=\"aligncenter size-full is-resized\"><img loading=\"lazy\" decoding=\"async\" width=\"394\" height=\"592\" src=\"https:\/\/tuunanluovatoimisto.com\/wp-content\/uploads\/2025\/10\/Screenshot-2025-10-04-144142-2.png\" alt=\"\" class=\"wp-image-181\" style=\"width:222px;height:auto\" srcset=\"https:\/\/tuunanluovatoimisto.com\/wp-content\/uploads\/2025\/10\/Screenshot-2025-10-04-144142-2.png 394w, https:\/\/tuunanluovatoimisto.com\/wp-content\/uploads\/2025\/10\/Screenshot-2025-10-04-144142-2-200x300.png 200w\" sizes=\"auto, (max-width: 394px) 100vw, 394px\" \/><\/figure>\n<\/div><\/div>\n<\/div>\n","protected":false},"excerpt":{"rendered":"<p>Nostoja portfoliosta<\/p>\n","protected":false},"author":1,"featured_media":0,"parent":0,"menu_order":0,"comment_status":"closed","ping_status":"open","template":"","meta":{"_kad_post_transparent":"","_kad_post_title":"","_kad_post_layout":"","_kad_post_sidebar_id":"","_kad_post_content_style":"","_kad_post_vertical_padding":"","_kad_post_feature":"","_kad_post_feature_position":"","_kad_post_header":false,"_kad_post_footer":false,"footnotes":""},"class_list":["post-2","page","type-page","status-publish","hentry"],"_links":{"self":[{"href":"https:\/\/tuunanluovatoimisto.com\/index.php?rest_route=\/wp\/v2\/pages\/2","targetHints":{"allow":["GET"]}}],"collection":[{"href":"https:\/\/tuunanluovatoimisto.com\/index.php?rest_route=\/wp\/v2\/pages"}],"about":[{"href":"https:\/\/tuunanluovatoimisto.com\/index.php?rest_route=\/wp\/v2\/types\/page"}],"author":[{"embeddable":true,"href":"https:\/\/tuunanluovatoimisto.com\/index.php?rest_route=\/wp\/v2\/users\/1"}],"replies":[{"embeddable":true,"href":"https:\/\/tuunanluovatoimisto.com\/index.php?rest_route=%2Fwp%2Fv2%2Fcomments&post=2"}],"version-history":[{"count":124,"href":"https:\/\/tuunanluovatoimisto.com\/index.php?rest_route=\/wp\/v2\/pages\/2\/revisions"}],"predecessor-version":[{"id":718,"href":"https:\/\/tuunanluovatoimisto.com\/index.php?rest_route=\/wp\/v2\/pages\/2\/revisions\/718"}],"wp:attachment":[{"href":"https:\/\/tuunanluovatoimisto.com\/index.php?rest_route=%2Fwp%2Fv2%2Fmedia&parent=2"}],"curies":[{"name":"wp","href":"https:\/\/api.w.org\/{rel}","templated":true}]}}