{"id":21,"date":"2025-10-01T18:06:06","date_gmt":"2025-10-01T18:06:06","guid":{"rendered":"https:\/\/tuunanluovatoimisto.com\/?page_id=21"},"modified":"2025-10-06T17:50:07","modified_gmt":"2025-10-06T17:50:07","slug":"portfolio","status":"publish","type":"page","link":"https:\/\/tuunanluovatoimisto.com\/?page_id=21","title":{"rendered":"Portfolio"},"content":{"rendered":"\n<div class=\"wp-block-cover alignfull\" style=\"margin-top:0px;margin-bottom:32px;padding-top:var(--wp--preset--spacing--70);padding-right:var(--wp--preset--spacing--50);padding-bottom:0;padding-left:var(--wp--preset--spacing--50);min-height:251px;aspect-ratio:unset;\"><span aria-hidden=\"true\" class=\"wp-block-cover__background has-theme-palette-4-background-color has-background-dim-100 has-background-dim\"><\/span><div class=\"wp-block-cover__inner-container is-layout-constrained wp-container-core-cover-is-layout-48a4e62f wp-block-cover-is-layout-constrained\">\n<h2 class=\"wp-block-heading has-text-align-center has-larger-font-size\">Portfolio<\/h2>\n\n\n\n<h6 class=\"wp-block-heading has-text-align-center\">Alla olevista linkeist\u00e4 sek\u00e4 p\u00e4\u00e4valikon pudostusvalikosta <br>p\u00e4\u00e4set tarkastelemaan portfoliotani.<\/h6>\n\n\n\n<div style=\"height:17px\" aria-hidden=\"true\" class=\"wp-block-spacer\"><\/div>\n\n\n\n<div class=\"wp-block-buttons is-content-justification-center is-layout-flex wp-container-core-buttons-is-layout-3e003292 wp-block-buttons-is-layout-flex\" style=\"padding-top:0;padding-bottom:0\">\n<div class=\"wp-block-button\"><a class=\"wp-block-button__link wp-element-button\" href=\"https:\/\/tuunanluovatoimisto.com\/?page_id=105\">Graafinen suunnittelu<\/a><\/div>\n\n\n\n<div class=\"wp-block-button\"><a class=\"wp-block-button__link wp-element-button\" href=\"https:\/\/tuunanluovatoimisto.com\/?page_id=107\">Kuvittaminen<\/a><\/div>\n<\/div>\n\n\n\n<div class=\"wp-block-buttons is-content-justification-center is-layout-flex wp-container-core-buttons-is-layout-b847282b wp-block-buttons-is-layout-flex\" style=\"margin-top:-19px;margin-bottom:0;padding-bottom:0\">\n<div class=\"wp-block-button\"><a class=\"wp-block-button__link wp-element-button\" href=\"https:\/\/tuunanluovatoimisto.com\/?page_id=103\">Taide ja muotokuvat<\/a><\/div>\n<\/div>\n<\/div><\/div>\n","protected":false},"excerpt":{"rendered":"","protected":false},"author":1,"featured_media":0,"parent":0,"menu_order":0,"comment_status":"closed","ping_status":"closed","template":"","meta":{"_kad_post_transparent":"","_kad_post_title":"","_kad_post_layout":"","_kad_post_sidebar_id":"","_kad_post_content_style":"","_kad_post_vertical_padding":"","_kad_post_feature":"","_kad_post_feature_position":"","_kad_post_header":false,"_kad_post_footer":false,"footnotes":""},"class_list":["post-21","page","type-page","status-publish","hentry"],"_links":{"self":[{"href":"https:\/\/tuunanluovatoimisto.com\/index.php?rest_route=\/wp\/v2\/pages\/21","targetHints":{"allow":["GET"]}}],"collection":[{"href":"https:\/\/tuunanluovatoimisto.com\/index.php?rest_route=\/wp\/v2\/pages"}],"about":[{"href":"https:\/\/tuunanluovatoimisto.com\/index.php?rest_route=\/wp\/v2\/types\/page"}],"author":[{"embeddable":true,"href":"https:\/\/tuunanluovatoimisto.com\/index.php?rest_route=\/wp\/v2\/users\/1"}],"replies":[{"embeddable":true,"href":"https:\/\/tuunanluovatoimisto.com\/index.php?rest_route=%2Fwp%2Fv2%2Fcomments&post=21"}],"version-history":[{"count":110,"href":"https:\/\/tuunanluovatoimisto.com\/index.php?rest_route=\/wp\/v2\/pages\/21\/revisions"}],"predecessor-version":[{"id":688,"href":"https:\/\/tuunanluovatoimisto.com\/index.php?rest_route=\/wp\/v2\/pages\/21\/revisions\/688"}],"wp:attachment":[{"href":"https:\/\/tuunanluovatoimisto.com\/index.php?rest_route=%2Fwp%2Fv2%2Fmedia&parent=21"}],"curies":[{"name":"wp","href":"https:\/\/api.w.org\/{rel}","templated":true}]}}